{"id":1016,"date":"2020-08-28T11:55:37","date_gmt":"2020-08-28T02:55:37","guid":{"rendered":"http:\/\/www.kk-mitsuboshi.co.jp\/vietnam\/?page_id=1016"},"modified":"2022-05-13T14:44:35","modified_gmt":"2022-05-13T05:44:35","slug":"product-electric","status":"publish","type":"page","link":"https:\/\/www.kk-mitsuboshi.co.jp\/vietnam\/product-electric\/","title":{"rendered":"D\u00e2y c\u00e1p \u0111i\u1ec7n"},"content":{"rendered":"","protected":false},"excerpt":{"rendered":"","protected":false},"author":1,"featured_media":0,"parent":0,"menu_order":3,"comment_status":"closed","ping_status":"closed","template":"","meta":[],"_links":{"self":[{"href":"https:\/\/www.kk-mitsuboshi.co.jp\/vietnam\/wp-json\/wp\/v2\/pages\/1016"}],"collection":[{"href":"https:\/\/www.kk-mitsuboshi.co.jp\/vietnam\/wp-json\/wp\/v2\/pages"}],"about":[{"href":"https:\/\/www.kk-mitsuboshi.co.jp\/vietnam\/wp-json\/wp\/v2\/types\/page"}],"author":[{"embeddable":true,"href":"https:\/\/www.kk-mitsuboshi.co.jp\/vietnam\/wp-json\/wp\/v2\/users\/1"}],"replies":[{"embeddable":true,"href":"https:\/\/www.kk-mitsuboshi.co.jp\/vietnam\/wp-json\/wp\/v2\/comments?post=1016"}],"version-history":[{"count":4,"href":"https:\/\/www.kk-mitsuboshi.co.jp\/vietnam\/wp-json\/wp\/v2\/pages\/1016\/revisions"}],"predecessor-version":[{"id":1272,"href":"https:\/\/www.kk-mitsuboshi.co.jp\/vietnam\/wp-json\/wp\/v2\/pages\/1016\/revisions\/1272"}],"wp:attachment":[{"href":"https:\/\/www.kk-mitsuboshi.co.jp\/vietnam\/wp-json\/wp\/v2\/media?parent=1016"}],"curies":[{"name":"wp","href":"https:\/\/api.w.org\/{rel}","templated":true}]}}